{"id":23,"date":"2018-03-15T21:31:07","date_gmt":"2018-03-15T21:31:07","guid":{"rendered":"http:\/\/mosteirodeoseira.org\/web\/?page_id=23"},"modified":"2018-03-15T22:34:53","modified_gmt":"2018-03-15T22:34:53","slug":"la-comunidad","status":"publish","type":"page","link":"https:\/\/mosteirodeoseira.org\/web\/la-comunidad\/","title":{"rendered":"La Comunidad"},"content":{"rendered":"<p class=\"Estilo10\" style=\"text-align: justify;\" align=\"justify\">La Comunidad de Monjes de la Abad\u00eda de Santa Mar\u00eda la Real de Oseira les da la Bienvenida a su sitio web. Nuestros valores y forma de vida quedar\u00e1n reflejados en esta p\u00e1gina.<\/p>\n<p class=\"Estilo10\" style=\"text-align: justify;\" align=\"justify\">En la parte derecha de la p\u00e1gina puede ver los distintos apartados de esta secci\u00f3n.<\/p>\n<p style=\"text-align: center;\" align=\"justify\"><em>\u00abEl fin espiritual de la Comunidad se manifiesta especialmente en la celebraci\u00f3n lit\u00fargica, a la cual dedican gran parte de la jornada, para cumplir, en uni\u00f3n\u00a0 de la Iglesia la funci\u00f3n sacerdotal de Cristo, ofreciendo a Dios un sacrificio de alabanza e intercediendo por la salvaci\u00f3n de todo el mundo\u00bb\u00a0<\/em><\/p>\n<p style=\"text-align: center;\" align=\"justify\"><a href=\"http:\/\/mosteirodeoseira.org\/web\/wp-content\/uploads\/2018\/03\/34409760283_e28cc7c826_o.jpg\" target=\"_blank\" rel=\"noopener\" data-rel=\"lightbox-image-0\" data-rl_title=\"\" data-rl_caption=\"\" title=\"\"><img loading=\"lazy\" decoding=\"async\" class=\"alignnone wp-image-32 size-medium\" src=\"http:\/\/mosteirodeoseira.org\/web\/wp-content\/uploads\/2018\/03\/34409760283_e28cc7c826_o-300x200.jpg\" alt=\"\" width=\"300\" height=\"200\" srcset=\"https:\/\/mosteirodeoseira.org\/web\/wp-content\/uploads\/2018\/03\/34409760283_e28cc7c826_o-300x200.jpg 300w, https:\/\/mosteirodeoseira.org\/web\/wp-content\/uploads\/2018\/03\/34409760283_e28cc7c826_o-768x512.jpg 768w, https:\/\/mosteirodeoseira.org\/web\/wp-content\/uploads\/2018\/03\/34409760283_e28cc7c826_o-1024x683.jpg 1024w, https:\/\/mosteirodeoseira.org\/web\/wp-content\/uploads\/2018\/03\/34409760283_e28cc7c826_o.jpg 1500w\" sizes=\"auto, (max-width: 300px) 100vw, 300px\" \/>\u00a0<img loading=\"lazy\" decoding=\"async\" class=\"alignnone size-medium wp-image-35\" src=\"http:\/\/mosteirodeoseira.org\/web\/wp-content\/uploads\/2018\/03\/33429869561_8bfdae4e54_o-300x200.jpg\" alt=\"\" width=\"300\" height=\"200\" srcset=\"https:\/\/mosteirodeoseira.org\/web\/wp-content\/uploads\/2018\/03\/33429869561_8bfdae4e54_o-300x200.jpg 300w, https:\/\/mosteirodeoseira.org\/web\/wp-content\/uploads\/2018\/03\/33429869561_8bfdae4e54_o-768x512.jpg 768w, https:\/\/mosteirodeoseira.org\/web\/wp-content\/uploads\/2018\/03\/33429869561_8bfdae4e54_o-1024x683.jpg 1024w, https:\/\/mosteirodeoseira.org\/web\/wp-content\/uploads\/2018\/03\/33429869561_8bfdae4e54_o.jpg 1500w\" sizes=\"auto, (max-width: 300px) 100vw, 300px\" \/><\/a><\/p>\n<h6 style=\"text-align: center;\" align=\"justify\">Pulsa en cada imagen para ampliarlas<\/h6>\n<p><\/p>","protected":false},"excerpt":{"rendered":"<p>La Comunidad de Monjes de la Abad\u00eda de Santa Mar\u00eda la Real de Oseira les da la Bienvenida a su sitio web. Nuestros valores y forma de vida quedar\u00e1n reflejados [&hellip;]<\/p>\n","protected":false},"author":1,"featured_media":26,"parent":0,"menu_order":0,"comment_status":"closed","ping_status":"closed","template":"page-add-sidebar-1.php","meta":{"footnotes":""},"class_list":["post-23","page","type-page","status-publish","has-post-thumbnail","hentry"],"_links":{"self":[{"href":"https:\/\/mosteirodeoseira.org\/web\/wp-json\/wp\/v2\/pages\/23","targetHints":{"allow":["GET"]}}],"collection":[{"href":"https:\/\/mosteirodeoseira.org\/web\/wp-json\/wp\/v2\/pages"}],"about":[{"href":"https:\/\/mosteirodeoseira.org\/web\/wp-json\/wp\/v2\/types\/page"}],"author":[{"embeddable":true,"href":"https:\/\/mosteirodeoseira.org\/web\/wp-json\/wp\/v2\/users\/1"}],"replies":[{"embeddable":true,"href":"https:\/\/mosteirodeoseira.org\/web\/wp-json\/wp\/v2\/comments?post=23"}],"version-history":[{"count":7,"href":"https:\/\/mosteirodeoseira.org\/web\/wp-json\/wp\/v2\/pages\/23\/revisions"}],"predecessor-version":[{"id":37,"href":"https:\/\/mosteirodeoseira.org\/web\/wp-json\/wp\/v2\/pages\/23\/revisions\/37"}],"wp:featuredmedia":[{"embeddable":true,"href":"https:\/\/mosteirodeoseira.org\/web\/wp-json\/wp\/v2\/media\/26"}],"wp:attachment":[{"href":"https:\/\/mosteirodeoseira.org\/web\/wp-json\/wp\/v2\/media?parent=23"}],"curies":[{"name":"wp","href":"https:\/\/api.w.org\/{rel}","templated":true}]}}