{"id":127,"date":"2018-03-16T20:23:04","date_gmt":"2018-03-16T20:23:04","guid":{"rendered":"http:\/\/mosteirodeoseira.org\/web\/?page_id=127"},"modified":"2018-03-20T11:11:46","modified_gmt":"2018-03-20T11:11:46","slug":"llegando-a-oseira","status":"publish","type":"page","link":"https:\/\/mosteirodeoseira.org\/web\/llegando-a-oseira\/","title":{"rendered":"Llegando a Oseira"},"content":{"rendered":"<p style=\"text-align: justify;\">Llegando a Oseira<\/p>\n<p style=\"text-align: justify;\"><strong>1. Ubicaci\u00f3n<\/strong><\/p>\n<p style=\"text-align: justify;\"><strong>2. Como llegar<\/strong><\/p>\n<p style=\"text-align: justify;\"><strong>3. Entorno<\/strong><\/p>\n<p style=\"text-align: justify;\"><strong>4. Galer\u00eda fotogr\u00e1fica<\/strong><\/p>\n<p style=\"text-align: justify;\"><strong>1. UBICACI\u00d3N<\/strong><\/p>\n<p style=\"text-align: justify;\">El monasterio de Oseira se halla situado en una zona monta\u00f1osa en un valle ameno al norte de la provincia de Ourense, pr\u00f3ximo al l\u00edmite con Lugo y Pontevedra, en el ayuntamiento de San Cristovo de Cea, partido judicial de O Carballi\u00f1o, a 28 kil\u00f3metros de la capital provincial. En la carretera que une Ourense y Santiago a la altura de San Cristovo de Cea, Villa afamada por su pan, se toma el desv\u00edo que conduce al monasterio.<\/p>\n<p style=\"text-align: justify;\"><strong>2. COMO LLEGAR<a href=\"http:\/\/mosteirodeoseira.org\/web\/wp-content\/uploads\/2018\/03\/28_02_18_006.jpg\" data-rel=\"lightbox-image-0\" data-rl_title=\"\" data-rl_caption=\"\" title=\"\"><img loading=\"lazy\" decoding=\"async\" class=\"alignright wp-image-129 size-medium\" src=\"http:\/\/mosteirodeoseira.org\/web\/wp-content\/uploads\/2018\/03\/28_02_18_006-300x200.jpg\" alt=\"\" width=\"300\" height=\"200\" srcset=\"https:\/\/mosteirodeoseira.org\/web\/wp-content\/uploads\/2018\/03\/28_02_18_006-300x200.jpg 300w, https:\/\/mosteirodeoseira.org\/web\/wp-content\/uploads\/2018\/03\/28_02_18_006-768x512.jpg 768w, https:\/\/mosteirodeoseira.org\/web\/wp-content\/uploads\/2018\/03\/28_02_18_006-1024x682.jpg 1024w, https:\/\/mosteirodeoseira.org\/web\/wp-content\/uploads\/2018\/03\/28_02_18_006.jpg 2000w\" sizes=\"auto, (max-width: 300px) 100vw, 300px\" \/><\/a><\/strong><\/p>\n<p style=\"text-align: justify;\">Desde Ourense o Santiago a trav\u00e9s de la carretera Nacional 525, hasta el desv\u00edo a Cea, una vez en la Villa de tan afamado Pan, en el centro de la misma a trav\u00e9s de un desv\u00edo convenientemente se\u00f1alizado y a una distancia de 8 kil\u00f3metros llegamos a Oseira.<\/p>\n<p style=\"text-align: justify;\">Desde Vigo, Pontevedra o Ribadav\u00eda, a trav\u00e9s del \u00abEixo do Ribeiro\u00bb, llegamos directamente a Cea en donde seguimos las indicaciones antes se\u00f1aladas.<\/p>\n<p style=\"text-align: justify;\"><strong>3. ENTORNO<\/strong><\/p>\n<p style=\"text-align: justify;\">Oseira que naci\u00f3, de acuerdo con el esp\u00edritu de Cister, aislado y sin poblaci\u00f3n y vio nacer en torno suyo una serie de edificaciones relacionadas con las actividades del propio monasterio que conforman hoy un peque\u00f1o n\u00facleo urbano, a trav\u00e9s del cual se llega al Monasterio.<\/p>\n<p style=\"text-align: justify;\">Son estas casas de buena canter\u00eda, solemnes balcones y escudos de Oseira, entre ellas el antiguo Hospicio de Peregrinos, ya que el monasterio fue una importante desviaci\u00f3n del Camino Meridional a Santiago. Hoy ocupan este edificio el Museo etnogr\u00e1fico Liste y un par de establecimientos comerciales. Se construy\u00f3 siendo abad Fray Luis Bernardo de Nava en 1739.<br \/>\nLas otras casas que est\u00e1n en el lado derecho de la calle estaban destinada a habitaci\u00f3n de diversas personas al servicio del monasterio como escribano, m\u00e9dico, veterinario&#8230; y se rehicieron siendo abad fray Baltasar M\u00e1rquez (1747-1750).<\/p>\n<p style=\"text-align: justify;\">En las cercan\u00edas, en el campo de la feria, recientemente remodelado y convertido en un ameno lugar de ocio, se conserva un interesante Cruceiro renacentista que se hizo en el trienio del abad Gaspar Madruga (1590-1593).<\/p>\n<p style=\"text-align: justify;\">Tambi\u00e9n circundando el espacio mon\u00e1stico hay una cerca de piedra de canter\u00eda que de trecho en trecho se refuerza y se engalana con unos cubos macizos rematados en un cuerpo c\u00f3nico, cerca que se reh\u00edzo durante el mandato abacial de Fray Pl\u00e1cido de Morriondo, que abarc\u00f3 los a\u00f1os 1753 a 1756.<\/p>\n<p style=\"text-align: center;\"><a href=\"http:\/\/mosteirodeoseira.org\/web\/wp-content\/uploads\/2018\/03\/28_02_18_048.jpg\" data-rel=\"lightbox-image-1\" data-rl_title=\"\" data-rl_caption=\"\" title=\"\"><img loading=\"lazy\" decoding=\"async\" class=\"alignnone wp-image-130 size-medium\" src=\"http:\/\/mosteirodeoseira.org\/web\/wp-content\/uploads\/2018\/03\/28_02_18_048-300x200.jpg\" alt=\"\" width=\"300\" height=\"200\" srcset=\"https:\/\/mosteirodeoseira.org\/web\/wp-content\/uploads\/2018\/03\/28_02_18_048-300x200.jpg 300w, https:\/\/mosteirodeoseira.org\/web\/wp-content\/uploads\/2018\/03\/28_02_18_048-768x512.jpg 768w, https:\/\/mosteirodeoseira.org\/web\/wp-content\/uploads\/2018\/03\/28_02_18_048-1024x682.jpg 1024w, https:\/\/mosteirodeoseira.org\/web\/wp-content\/uploads\/2018\/03\/28_02_18_048.jpg 2000w\" sizes=\"auto, (max-width: 300px) 100vw, 300px\" \/><\/a><\/p>\n<p style=\"text-align: center;\"><\/p>\n<p><\/p>","protected":false},"excerpt":{"rendered":"<p>Llegando a Oseira 1. Ubicaci\u00f3n 2. Como llegar 3. Entorno 4. Galer\u00eda fotogr\u00e1fica 1. UBICACI\u00d3N El monasterio de Oseira se halla situado en una zona monta\u00f1osa en un valle ameno [&hellip;]<\/p>\n","protected":false},"author":1,"featured_media":128,"parent":0,"menu_order":0,"comment_status":"closed","ping_status":"closed","template":"page-add-sidebar-2.php","meta":{"footnotes":""},"class_list":["post-127","page","type-page","status-publish","has-post-thumbnail","hentry"],"_links":{"self":[{"href":"https:\/\/mosteirodeoseira.org\/web\/wp-json\/wp\/v2\/pages\/127","targetHints":{"allow":["GET"]}}],"collection":[{"href":"https:\/\/mosteirodeoseira.org\/web\/wp-json\/wp\/v2\/pages"}],"about":[{"href":"https:\/\/mosteirodeoseira.org\/web\/wp-json\/wp\/v2\/types\/page"}],"author":[{"embeddable":true,"href":"https:\/\/mosteirodeoseira.org\/web\/wp-json\/wp\/v2\/users\/1"}],"replies":[{"embeddable":true,"href":"https:\/\/mosteirodeoseira.org\/web\/wp-json\/wp\/v2\/comments?post=127"}],"version-history":[{"count":3,"href":"https:\/\/mosteirodeoseira.org\/web\/wp-json\/wp\/v2\/pages\/127\/revisions"}],"predecessor-version":[{"id":307,"href":"https:\/\/mosteirodeoseira.org\/web\/wp-json\/wp\/v2\/pages\/127\/revisions\/307"}],"wp:featuredmedia":[{"embeddable":true,"href":"https:\/\/mosteirodeoseira.org\/web\/wp-json\/wp\/v2\/media\/128"}],"wp:attachment":[{"href":"https:\/\/mosteirodeoseira.org\/web\/wp-json\/wp\/v2\/media?parent=127"}],"curies":[{"name":"wp","href":"https:\/\/api.w.org\/{rel}","templated":true}]}}