{"id":101,"date":"2018-03-16T18:05:08","date_gmt":"2018-03-16T18:05:08","guid":{"rendered":"http:\/\/mosteirodeoseira.org\/web\/?page_id=101"},"modified":"2018-03-16T18:16:03","modified_gmt":"2018-03-16T18:16:03","slug":"el-monasterio","status":"publish","type":"page","link":"https:\/\/mosteirodeoseira.org\/web\/el-monasterio\/","title":{"rendered":"El Monasterio"},"content":{"rendered":"<p class=\"Estilo10\" align=\"justify\">Este apartado lo pretendemos convertir en un aut\u00e9ntico paseo por el edificio.<\/p>\n<p class=\"Estilo10\" align=\"justify\">En \u00e9l encontrar\u00e1 una descripci\u00f3n art\u00edstica-hist\u00f3rica del todo el conjunto.<\/p>\n<p class=\"Estilo10\" align=\"justify\">Cientos de fotos ilustrar\u00e1n el recorrido por el llamado \u00abEscorial Gallego\u00bb.<\/p>\n<p class=\"Estilo10\" align=\"justify\">En los diferentes apartados que les mostramos en el men\u00fa de la derecha podr\u00e1 conocer todos y cada uno de los lugares mas significativos del Monasterio de Santa Mar\u00eda la Real de Oseira.<\/p>\n<p class=\"Estilo10\" align=\"justify\">Algunos de ellos por pertenecer a la vida mon\u00e1stica propiamente dicha no son mostrados en las visitas tur\u00edsticas.<\/p>\n<p style=\"text-align: center;\" align=\"justify\"><a href=\"http:\/\/mosteirodeoseira.org\/web\/wp-content\/uploads\/2018\/03\/w003.jpg\" data-rel=\"lightbox-image-0\" data-rl_title=\"\" data-rl_caption=\"\" title=\"\"><img loading=\"lazy\" decoding=\"async\" class=\"alignnone wp-image-53 size-medium\" src=\"http:\/\/mosteirodeoseira.org\/web\/wp-content\/uploads\/2018\/03\/w003-300x200.jpg\" alt=\"\" width=\"300\" height=\"200\" srcset=\"https:\/\/mosteirodeoseira.org\/web\/wp-content\/uploads\/2018\/03\/w003-300x200.jpg 300w, https:\/\/mosteirodeoseira.org\/web\/wp-content\/uploads\/2018\/03\/w003-768x512.jpg 768w, https:\/\/mosteirodeoseira.org\/web\/wp-content\/uploads\/2018\/03\/w003-1024x682.jpg 1024w, https:\/\/mosteirodeoseira.org\/web\/wp-content\/uploads\/2018\/03\/w003.jpg 2000w\" sizes=\"auto, (max-width: 300px) 100vw, 300px\" \/><\/a><\/p>\n<p><\/p>","protected":false},"excerpt":{"rendered":"<p>Este apartado lo pretendemos convertir en un aut\u00e9ntico paseo por el edificio. En \u00e9l encontrar\u00e1 una descripci\u00f3n art\u00edstica-hist\u00f3rica del todo el conjunto. Cientos de fotos ilustrar\u00e1n el recorrido por el [&hellip;]<\/p>\n","protected":false},"author":1,"featured_media":103,"parent":0,"menu_order":0,"comment_status":"closed","ping_status":"closed","template":"page-add-sidebar-2.php","meta":{"footnotes":""},"class_list":["post-101","page","type-page","status-publish","has-post-thumbnail","hentry"],"_links":{"self":[{"href":"https:\/\/mosteirodeoseira.org\/web\/wp-json\/wp\/v2\/pages\/101","targetHints":{"allow":["GET"]}}],"collection":[{"href":"https:\/\/mosteirodeoseira.org\/web\/wp-json\/wp\/v2\/pages"}],"about":[{"href":"https:\/\/mosteirodeoseira.org\/web\/wp-json\/wp\/v2\/types\/page"}],"author":[{"embeddable":true,"href":"https:\/\/mosteirodeoseira.org\/web\/wp-json\/wp\/v2\/users\/1"}],"replies":[{"embeddable":true,"href":"https:\/\/mosteirodeoseira.org\/web\/wp-json\/wp\/v2\/comments?post=101"}],"version-history":[{"count":1,"href":"https:\/\/mosteirodeoseira.org\/web\/wp-json\/wp\/v2\/pages\/101\/revisions"}],"predecessor-version":[{"id":102,"href":"https:\/\/mosteirodeoseira.org\/web\/wp-json\/wp\/v2\/pages\/101\/revisions\/102"}],"wp:featuredmedia":[{"embeddable":true,"href":"https:\/\/mosteirodeoseira.org\/web\/wp-json\/wp\/v2\/media\/103"}],"wp:attachment":[{"href":"https:\/\/mosteirodeoseira.org\/web\/wp-json\/wp\/v2\/media?parent=101"}],"curies":[{"name":"wp","href":"https:\/\/api.w.org\/{rel}","templated":true}]}}